{"id":3638,"date":"2025-07-11T01:08:19","date_gmt":"2025-07-11T01:08:19","guid":{"rendered":"https:\/\/velonweb.com\/privacy-policy\/"},"modified":"2025-08-12T12:45:37","modified_gmt":"2025-08-12T12:45:37","slug":"privacy-policy","status":"publish","type":"page","link":"https:\/\/velonweb.com\/es\/privacy-policy\/","title":{"rendered":"Privacy Policy"},"content":{"rendered":"\t\t<div data-elementor-type=\"wp-page\" data-elementor-id=\"3638\" class=\"elementor elementor-3638 elementor-2086\">\n\t\t\t\t<div class=\"elementor-element elementor-element-6a8ae85 e-flex e-con-boxed e-con e-parent\" data-id=\"6a8ae85\" data-element_type=\"container\" data-e-type=\"container\">\n\t\t\t\t\t<div class=\"e-con-inner\">\n\t\t\t\t<div class=\"elementor-element elementor-element-5898345 elementor-widget elementor-widget-text-editor\" data-id=\"5898345\" data-element_type=\"widget\" data-e-type=\"widget\" data-widget_type=\"text-editor.default\">\n\t\t\t\t<div class=\"elementor-widget-container\">\n\t\t\t\t\t\t\t\t\t<p class=\"p1\">En VelonWeb, nos comprometemos a proteger su privacidad y creemos en la importancia de la confidencialidad de la informaci\u00f3n que comparte con nosotros. Al visitar nuestro sitio web o utilizar cualquiera de nuestros servicios, podemos recopilar cierta informaci\u00f3n utilizada \u00fanicamente para mejorar su experiencia con nosotros, como su nombre, n\u00famero de tel\u00e9fono, correo electr\u00f3nico y cualquier detalle que nos env\u00ede a trav\u00e9s del formulario de contacto o por correo electr\u00f3nico. No vendemos ni compartimos esta informaci\u00f3n con terceros, excepto cuando sea necesario para ejecutar el servicio acordado o con su consentimiento directo.<\/p><p class=\"p1\">Utilizamos sus datos para fines claros y espec\u00edficos, que incluyen responder a sus consultas, ofrecerle las propuestas y servicios que solicite, enviarle actualizaciones relacionadas con su pedido y mejorar la calidad de nuestro sitio y servicios en general. Tambi\u00e9n utilizamos herramientas anal\u00edticas internas como Google Analytics, que no afectan su privacidad ni vinculan los datos directamente con su identidad.<\/p><p class=\"p1\">Nos comprometemos a proteger sus datos con los m\u00e1s altos est\u00e1ndares de seguridad, mediante sistemas de protecci\u00f3n estrictos, cifrado de la conexi\u00f3n al sitio web y limitaci\u00f3n del acceso interno a la informaci\u00f3n. Usted tiene pleno derecho a acceder a los datos que almacenamos sobre usted, modificarlos o incluso solicitar su eliminaci\u00f3n en cualquier momento. Puede hacerlo f\u00e1cilmente poni\u00e9ndose en contacto con nosotros en info@velonweb.com.<\/p><p class=\"p1\">Nuestro sitio utiliza cookies que nos ayudan a mejorar el rendimiento del sitio y la experiencia del usuario. Puede gestionarlas a trav\u00e9s de la configuraci\u00f3n de su navegador. Su visita al sitio se considerar\u00e1 como un consentimiento impl\u00edcito para el uso de esta tecnolog\u00eda.<\/p><p class=\"p1\">Nos reservamos el derecho de modificar esta Pol\u00edtica de Privacidad en cualquier momento sin previo aviso, y cualquier actualizaci\u00f3n se publicar\u00e1 claramente en esta p\u00e1gina. Su uso continuo del sitio despu\u00e9s de la actualizaci\u00f3n implicar\u00e1 su aceptaci\u00f3n de la nueva pol\u00edtica. Para cualquier consulta relacionada con la privacidad, puede escribirnos directamente y estaremos encantados de atenderle.<\/p>\t\t\t\t\t\t\t\t<\/div>\n\t\t\t\t<\/div>\n\t\t\t\t\t<\/div>\n\t\t\t\t<\/div>\n\t\t\t\t<\/div>\n\t\t","protected":false},"excerpt":{"rendered":"<p>En VelonWeb, nos comprometemos a proteger su privacidad y creemos en la importancia de la confidencialidad de la informaci\u00f3n que comparte con nosotros. Al visitar nuestro sitio web o utilizar cualquiera de nuestros servicios, podemos recopilar cierta informaci\u00f3n utilizada \u00fanicamente para mejorar su experiencia con nosotros, como su nombre, n\u00famero de tel\u00e9fono, correo electr\u00f3nico y [&hellip;]<\/p>\n","protected":false},"author":1,"featured_media":0,"parent":0,"menu_order":0,"comment_status":"closed","ping_status":"closed","template":"","meta":{"footnotes":""},"class_list":["post-3638","page","type-page","status-publish","hentry"],"blocksy_meta":[],"aioseo_notices":[],"jetpack_sharing_enabled":true,"_links":{"self":[{"href":"https:\/\/velonweb.com\/es\/wp-json\/wp\/v2\/pages\/3638","targetHints":{"allow":["GET"]}}],"collection":[{"href":"https:\/\/velonweb.com\/es\/wp-json\/wp\/v2\/pages"}],"about":[{"href":"https:\/\/velonweb.com\/es\/wp-json\/wp\/v2\/types\/page"}],"author":[{"embeddable":true,"href":"https:\/\/velonweb.com\/es\/wp-json\/wp\/v2\/users\/1"}],"replies":[{"embeddable":true,"href":"https:\/\/velonweb.com\/es\/wp-json\/wp\/v2\/comments?post=3638"}],"version-history":[{"count":6,"href":"https:\/\/velonweb.com\/es\/wp-json\/wp\/v2\/pages\/3638\/revisions"}],"predecessor-version":[{"id":3660,"href":"https:\/\/velonweb.com\/es\/wp-json\/wp\/v2\/pages\/3638\/revisions\/3660"}],"wp:attachment":[{"href":"https:\/\/velonweb.com\/es\/wp-json\/wp\/v2\/media?parent=3638"}],"curies":[{"name":"wp","href":"https:\/\/api.w.org\/{rel}","templated":true}]}}