{"id":3634,"date":"2025-07-11T01:08:19","date_gmt":"2025-07-11T01:08:19","guid":{"rendered":"https:\/\/velonweb.com\/privacy-policy\/"},"modified":"2025-08-12T12:42:23","modified_gmt":"2025-08-12T12:42:23","slug":"privacy-policy","status":"publish","type":"page","link":"https:\/\/velonweb.com\/fr\/privacy-policy\/","title":{"rendered":"Privacy Policy"},"content":{"rendered":"\t\t<div data-elementor-type=\"wp-page\" data-elementor-id=\"3634\" class=\"elementor elementor-3634 elementor-2086\">\n\t\t\t\t<div class=\"elementor-element elementor-element-6a8ae85 e-flex e-con-boxed e-con e-parent\" data-id=\"6a8ae85\" data-element_type=\"container\" data-e-type=\"container\">\n\t\t\t\t\t<div class=\"e-con-inner\">\n\t\t\t\t<div class=\"elementor-element elementor-element-5898345 elementor-widget elementor-widget-text-editor\" data-id=\"5898345\" data-element_type=\"widget\" data-e-type=\"widget\" data-widget_type=\"text-editor.default\">\n\t\t\t\t<div class=\"elementor-widget-container\">\n\t\t\t\t\t\t\t\t\t<p class=\"p1\">Chez <span class=\"s1\"><b>VelonWeb<\/b><\/span>, nous nous engageons \u00e0 prot\u00e9ger votre vie priv\u00e9e et nous croyons en l\u2019importance de la confidentialit\u00e9 des informations que vous partagez avec nous. Lorsque vous visitez notre site ou utilisez l\u2019un de nos services, nous pouvons collecter certaines informations utilis\u00e9es uniquement pour am\u00e9liorer votre exp\u00e9rience avec nous, telles que votre nom, num\u00e9ro de t\u00e9l\u00e9phone, adresse e-mail et toute information que vous nous envoyez via le formulaire de contact ou par e-mail.<\/p><p class=\"p1\">Ces informations ne sont ni vendues ni partag\u00e9es avec des tiers, sauf si cela est n\u00e9cessaire pour ex\u00e9cuter le service convenu ou avec votre consentement explicite.<\/p><p class=\"p1\">Nous utilisons vos donn\u00e9es \u00e0 des fins claires et pr\u00e9cises, notamment pour r\u00e9pondre \u00e0 vos demandes, vous fournir les offres et services que vous sollicitez, vous envoyer des mises \u00e0 jour concernant votre commande et am\u00e9liorer la qualit\u00e9 de notre site et de nos services en g\u00e9n\u00e9ral. Nous utilisons \u00e9galement des outils d\u2019analyse internes tels que <span class=\"s1\"><b>Google Analytics<\/b><\/span>, d\u2019une mani\u00e8re qui ne compromet pas votre vie priv\u00e9e et ne relie pas les donn\u00e9es \u00e0 votre identit\u00e9 directe.<\/p><p class=\"p1\">Nous nous engageons \u00e0 s\u00e9curiser vos donn\u00e9es selon les normes les plus strictes gr\u00e2ce \u00e0 des syst\u00e8mes de protection renforc\u00e9s, au chiffrement des communications avec le site et \u00e0 la limitation de l\u2019acc\u00e8s interne aux donn\u00e9es. Vous disposez d\u2019un droit total d\u2019acc\u00e8s, de modification ou m\u00eame de suppression des donn\u00e9es que nous avons enregistr\u00e9es \u00e0 votre sujet, et vous pouvez exercer ce droit simplement en nous contactant \u00e0 l\u2019adresse <span class=\"s1\"><b>info@velonweb.com<\/b><\/span>.<\/p><p class=\"p1\">Notre site utilise des cookies qui nous aident \u00e0 am\u00e9liorer la performance du site et l\u2019exp\u00e9rience utilisateur. Vous pouvez g\u00e9rer ces cookies via les param\u00e8tres de votre navigateur. Votre visite sur le site vaut consentement implicite \u00e0 l\u2019utilisation de cette technologie.<\/p><p class=\"p1\">Nous nous r\u00e9servons le droit de modifier cette politique de confidentialit\u00e9 \u00e0 tout moment sans pr\u00e9avis. Toute mise \u00e0 jour sera clairement publi\u00e9e sur cette page. La poursuite de l\u2019utilisation du site apr\u00e8s une modification vaut acceptation de la nouvelle politique. Pour toute question relative \u00e0 la confidentialit\u00e9, vous pouvez nous contacter directement et nous serons heureux de vous aider.<\/p>\t\t\t\t\t\t\t\t<\/div>\n\t\t\t\t<\/div>\n\t\t\t\t\t<\/div>\n\t\t\t\t<\/div>\n\t\t\t\t<\/div>\n\t\t","protected":false},"excerpt":{"rendered":"<p>Chez VelonWeb, nous nous engageons \u00e0 prot\u00e9ger votre vie priv\u00e9e et nous croyons en l\u2019importance de la confidentialit\u00e9 des informations que vous partagez avec nous. Lorsque vous visitez notre site ou utilisez l\u2019un de nos services, nous pouvons collecter certaines informations utilis\u00e9es uniquement pour am\u00e9liorer votre exp\u00e9rience avec nous, telles que votre nom, num\u00e9ro de [&hellip;]<\/p>\n","protected":false},"author":1,"featured_media":0,"parent":0,"menu_order":0,"comment_status":"closed","ping_status":"closed","template":"","meta":{"footnotes":""},"class_list":["post-3634","page","type-page","status-publish","hentry"],"blocksy_meta":[],"aioseo_notices":[],"jetpack_sharing_enabled":true,"_links":{"self":[{"href":"https:\/\/velonweb.com\/fr\/wp-json\/wp\/v2\/pages\/3634","targetHints":{"allow":["GET"]}}],"collection":[{"href":"https:\/\/velonweb.com\/fr\/wp-json\/wp\/v2\/pages"}],"about":[{"href":"https:\/\/velonweb.com\/fr\/wp-json\/wp\/v2\/types\/page"}],"author":[{"embeddable":true,"href":"https:\/\/velonweb.com\/fr\/wp-json\/wp\/v2\/users\/1"}],"replies":[{"embeddable":true,"href":"https:\/\/velonweb.com\/fr\/wp-json\/wp\/v2\/comments?post=3634"}],"version-history":[{"count":6,"href":"https:\/\/velonweb.com\/fr\/wp-json\/wp\/v2\/pages\/3634\/revisions"}],"predecessor-version":[{"id":3651,"href":"https:\/\/velonweb.com\/fr\/wp-json\/wp\/v2\/pages\/3634\/revisions\/3651"}],"wp:attachment":[{"href":"https:\/\/velonweb.com\/fr\/wp-json\/wp\/v2\/media?parent=3634"}],"curies":[{"name":"wp","href":"https:\/\/api.w.org\/{rel}","templated":true}]}}